{"id":166,"date":"2020-04-06T15:42:52","date_gmt":"2020-04-06T13:42:52","guid":{"rendered":"https:\/\/www.serrurier-securite.fr\/depannage\/?page_id=166"},"modified":"2020-10-16T11:30:36","modified_gmt":"2020-10-16T09:30:36","slug":"partenaires","status":"publish","type":"page","link":"https:\/\/www.serrurier-securite.fr\/depannage\/partenaires\/","title":{"rendered":"Partenaires"},"content":{"rendered":"<div class=\"wpb-content-wrapper\"><p>[vc_row css=\u00a0\u00bb.vc_custom_1586180996169{margin-top: 60px !important;}\u00a0\u00bb][vc_column]<div class=\"wpb_content_element \"><style type=\"text\/css\"><\/style><header id=\"ut_header_69f0ce3b81a7d\" class=\"section-header  ut-no-title-linebreak-mobile ut-no-lead-linebreak-mobile pt-style-2 header-center header-tablet-center header-mobile-center\"><h2 data-title=\"PARTENAIRES DE CONFIANCE DE SERRURERIE LAURISTON\"  data-responsive-font=\"section_title\" class=\"section-title  \"><span>PARTENAIRES DE CONFIANCE DE SERRURERIE LAURISTON<\/span><\/h2><div data-delay=\"0\" class=\"lead \"><p>Serrurerie Lauriston a choisi de travailler avec ces professionnels de la serrurerie et de la s\u00e9curit\u00e9.<\/p>\n<\/div><\/header><\/div>[vc_row_inner][vc_column_inner]<div class=\"wpb_content_element ut-gallery-30  clearfix\"><style type=\"text\/css\">#ut_ig_69f0ce3b845bd .ut-lazy:not(.ut-image-loaded) + .ut-video-module-loading { display:block; }#ut_ig_69f0ce3b845bd .ut-lazy.ut-image-loaded + .ut-video-module-loading { display:none; }<\/style><div id=\"ut_ig_69f0ce3b845bd\" class=\"ut-image-gallery ut-image-gallery-module  ut-image-gallery-30 clearfix\" data-settings=\"{&quot;animate&quot;:true,&quot;effect&quot;:&quot;&quot;,&quot;lazy&quot;:true,&quot;delay_animation&quot;:false,&quot;global_delay_animation&quot;:false,&quot;delay_timer&quot;:100,&quot;global_delay_timer&quot;:100}\" ><div  data-count=\"14\" class=\"ut-image-gallery-item ut-animation-done grid-20 tablet-grid-33 mobile-grid-100\"><a  href=\"https:\/\/www.fichet-pointfort.com\/fr\/site\/fichet-pointfort\/\" target=\"_blank\" class=\"\"><div class=\"ut-image-gallery-image\" ><img loading=\"lazy\" decoding=\"async\"  class=\" ut-lazy skip-lazy\" src=\"data:image\/svg+xml;charset=utf-8,%3Csvg xmlns%3D'http%3A%2F%2Fwww.w3.org%2F2000%2Fsvg' viewBox%3D'0 0 400 400'%2F%3E\" data-src=\"https:\/\/www.serrurier-securite.fr\/depannage\/wp-content\/uploads\/2020\/04\/serrurier_LOGO_FICHET.jpg\" width=\"400\" height=\"400\"><\/div><div id=\"ut-image-caption-180\" class=\"ut-vc-images-lightbox-caption\">Serrurerie pose et d\u00e9pannage<\/div><\/a><\/div><div  data-count=\"14\" class=\"ut-image-gallery-item ut-animation-done ut-animation-done grid-20 tablet-grid-33 mobile-grid-100\"><a  href=\"https:\/\/www.vachette.fr\/fr\/laperchefr\/\" target=\"_blank\" class=\"\"><div class=\"ut-image-gallery-image\" ><img loading=\"lazy\" decoding=\"async\"  class=\" ut-lazy skip-lazy\" src=\"data:image\/svg+xml;charset=utf-8,%3Csvg xmlns%3D'http%3A%2F%2Fwww.w3.org%2F2000%2Fsvg' viewBox%3D'0 0 400 400'%2F%3E\" data-src=\"https:\/\/www.serrurier-securite.fr\/depannage\/wp-content\/uploads\/2020\/04\/serrurier_LOGO_LAPERCHE.jpg\" width=\"400\" height=\"400\"><\/div><div id=\"ut-image-caption-183\" class=\"ut-vc-images-lightbox-caption\">Serrurerie pose et d\u00e9pannage<\/div><\/a><\/div><div  data-count=\"14\" class=\"ut-image-gallery-item ut-animation-done ut-animation-done ut-animation-done grid-20 tablet-grid-33 mobile-grid-100 ut-tablet-last\"><a  href=\"https:\/\/www.vachette.fr\/fr\/\" target=\"_blank\" class=\"\"><div class=\"ut-image-gallery-image\" ><img loading=\"lazy\" decoding=\"async\"  class=\" ut-lazy skip-lazy\" src=\"data:image\/svg+xml;charset=utf-8,%3Csvg xmlns%3D'http%3A%2F%2Fwww.w3.org%2F2000%2Fsvg' viewBox%3D'0 0 400 400'%2F%3E\" data-src=\"https:\/\/www.serrurier-securite.fr\/depannage\/wp-content\/uploads\/2020\/04\/serrurier_LOGO_VACHETTE.jpg\" width=\"400\" height=\"400\"><\/div><div id=\"ut-image-caption-172\" class=\"ut-vc-images-lightbox-caption\">Serrurerie pose et d\u00e9pannage<\/div><\/a><\/div><div class=\"clear hide-on-desktop hide-on-tablet\"><\/div><div  data-count=\"14\" class=\"ut-image-gallery-item ut-animation-done ut-animation-done ut-animation-done ut-animation-done grid-20 tablet-grid-33 mobile-grid-100\"><a  href=\"http:\/\/www.reelax.fr\/\" target=\"_blank\" class=\"\"><div class=\"ut-image-gallery-image\" ><img loading=\"lazy\" decoding=\"async\"  class=\" ut-lazy skip-lazy\" src=\"data:image\/svg+xml;charset=utf-8,%3Csvg xmlns%3D'http%3A%2F%2Fwww.w3.org%2F2000%2Fsvg' viewBox%3D'0 0 250 250'%2F%3E\" data-src=\"https:\/\/www.serrurier-securite.fr\/depannage\/wp-content\/uploads\/2020\/04\/serrurier_reelax.png\" width=\"250\" height=\"250\"><\/div><div id=\"ut-image-caption-176\" class=\"ut-vc-images-lightbox-caption\">Serrurerie pose et d\u00e9pannage<\/div><\/a><\/div><div  data-count=\"9\" class=\"ut-image-gallery-item ut-animation-done ut-animation-done ut-animation-done ut-animation-done ut-animation-done grid-20 tablet-grid-33 mobile-grid-100 ut-desktop-last\"><a  href=\"http:\/\/www.serruresmuel.com\/\" target=\"_blank\" class=\"\"><div class=\"ut-image-gallery-image\" ><img loading=\"lazy\" decoding=\"async\"  class=\" ut-lazy skip-lazy\" src=\"data:image\/svg+xml;charset=utf-8,%3Csvg xmlns%3D'http%3A%2F%2Fwww.w3.org%2F2000%2Fsvg' viewBox%3D'0 0 400 400'%2F%3E\" data-src=\"https:\/\/www.serrurier-securite.fr\/depannage\/wp-content\/uploads\/2020\/04\/serrurier_LOGO_MUEL.jpg\" width=\"400\" height=\"400\"><\/div><div id=\"ut-image-caption-186\" class=\"ut-vc-images-lightbox-caption\">Serrurerie pose et d\u00e9pannage<\/div><\/a><\/div><div class=\"clear hide-on-tablet\"><\/div><div  data-count=\"9\" class=\"ut-image-gallery-item ut-animation-done ut-animation-done ut-animation-done ut-animation-done ut-animation-done ut-animation-done grid-20 tablet-grid-33 mobile-grid-100 ut-tablet-last\"><a  href=\"https:\/\/www.mottura.com\/fr\/home\" target=\"_blank\" class=\"\"><div class=\"ut-image-gallery-image\" ><img loading=\"lazy\" decoding=\"async\"  class=\" ut-lazy skip-lazy\" src=\"data:image\/svg+xml;charset=utf-8,%3Csvg xmlns%3D'http%3A%2F%2Fwww.w3.org%2F2000%2Fsvg' viewBox%3D'0 0 400 400'%2F%3E\" data-src=\"https:\/\/www.serrurier-securite.fr\/depannage\/wp-content\/uploads\/2020\/04\/serrurier_LOGO_MOTTURA.jpg\" width=\"400\" height=\"400\"><\/div><div id=\"ut-image-caption-185\" class=\"ut-vc-images-lightbox-caption\">Serrurerie pose et d\u00e9pannage<\/div><\/a><\/div><div class=\"clear hide-on-desktop hide-on-tablet\"><\/div><div  data-count=\"9\" class=\"ut-image-gallery-item ut-animation-done ut-animation-done ut-animation-done ut-animation-done ut-animation-done ut-animation-done ut-animation-done grid-20 tablet-grid-33 mobile-grid-100\"><div class=\"ut-image-gallery-image\" ><img loading=\"lazy\" decoding=\"async\"  class=\" ut-lazy skip-lazy\" src=\"data:image\/svg+xml;charset=utf-8,%3Csvg xmlns%3D'http%3A%2F%2Fwww.w3.org%2F2000%2Fsvg' viewBox%3D'0 0 400 400'%2F%3E\" data-src=\"https:\/\/www.serrurier-securite.fr\/depannage\/wp-content\/uploads\/2020\/04\/serrurier_LOGO_METALUX.jpg\" width=\"400\" height=\"400\"><\/div><div id=\"ut-image-caption-184\" class=\"ut-vc-images-lightbox-caption\">Serrurerie pose et d\u00e9pannage<\/div><\/div><div  data-count=\"9\" class=\"ut-image-gallery-item ut-animation-done ut-animation-done ut-animation-done ut-animation-done ut-animation-done ut-animation-done ut-animation-done ut-animation-done grid-20 tablet-grid-33 mobile-grid-100\"><a  href=\"https:\/\/www.jpm.fr\/fr\/site\/jpm\/\" target=\"_blank\" class=\"\"><div class=\"ut-image-gallery-image\" ><img loading=\"lazy\" decoding=\"async\"  class=\" ut-lazy skip-lazy\" src=\"data:image\/svg+xml;charset=utf-8,%3Csvg xmlns%3D'http%3A%2F%2Fwww.w3.org%2F2000%2Fsvg' viewBox%3D'0 0 600 600'%2F%3E\" data-src=\"https:\/\/www.serrurier-securite.fr\/depannage\/wp-content\/uploads\/2020\/04\/serrurier_LOGO_JPM.png\" width=\"600\" height=\"600\"><\/div><div id=\"ut-image-caption-182\" class=\"ut-vc-images-lightbox-caption\">Serrurerie pose et d\u00e9pannage<\/div><\/a><\/div><div  data-count=\"9\" class=\"ut-image-gallery-item ut-animation-done ut-animation-done ut-animation-done ut-animation-done ut-animation-done ut-animation-done ut-animation-done ut-animation-done ut-animation-done grid-20 tablet-grid-33 mobile-grid-100 ut-tablet-last\"><a  href=\"https:\/\/www.dom-security.com\/fr\/fr\" target=\"_blank\" class=\"\"><div class=\"ut-image-gallery-image\" ><img loading=\"lazy\" decoding=\"async\"  class=\" ut-lazy skip-lazy\" src=\"data:image\/svg+xml;charset=utf-8,%3Csvg xmlns%3D'http%3A%2F%2Fwww.w3.org%2F2000%2Fsvg' viewBox%3D'0 0 400 400'%2F%3E\" data-src=\"https:\/\/www.serrurier-securite.fr\/depannage\/wp-content\/uploads\/2020\/04\/serrurier_LOGO_DOM.jpg\" width=\"400\" height=\"400\"><\/div><div id=\"ut-image-caption-179\" class=\"ut-vc-images-lightbox-caption\">Serrurerie pose et d\u00e9pannage<\/div><\/a><\/div><div class=\"clear hide-on-desktop hide-on-tablet\"><\/div><div  data-count=\"4\" class=\"ut-image-gallery-item ut-animation-done ut-animation-done ut-animation-done ut-animation-done ut-animation-done ut-animation-done ut-animation-done ut-animation-done ut-animation-done ut-animation-done grid-20 tablet-grid-33 mobile-grid-100 ut-desktop-last\"><a  href=\"https:\/\/www.bricard.com\/fr\/index.html\" target=\"_blank\" class=\"\"><div class=\"ut-image-gallery-image\" ><img loading=\"lazy\" decoding=\"async\"  class=\" ut-lazy skip-lazy\" src=\"data:image\/svg+xml;charset=utf-8,%3Csvg xmlns%3D'http%3A%2F%2Fwww.w3.org%2F2000%2Fsvg' viewBox%3D'0 0 400 400'%2F%3E\" data-src=\"https:\/\/www.serrurier-securite.fr\/depannage\/wp-content\/uploads\/2020\/04\/serrurier_LOGO_BRICARD.jpg\" width=\"400\" height=\"400\"><\/div><div id=\"ut-image-caption-177\" class=\"ut-vc-images-lightbox-caption\">Serrurerie pose et d\u00e9pannage<\/div><\/a><\/div><div class=\"clear hide-on-tablet\"><\/div><div  data-count=\"4\" class=\"ut-image-gallery-item ut-animation-done ut-animation-done ut-animation-done ut-animation-done ut-animation-done ut-animation-done ut-animation-done ut-animation-done ut-animation-done ut-animation-done ut-animation-done grid-20 tablet-grid-33 mobile-grid-100\"><div class=\"ut-image-gallery-image\" ><img loading=\"lazy\" decoding=\"async\"  class=\" ut-lazy skip-lazy\" src=\"data:image\/svg+xml;charset=utf-8,%3Csvg xmlns%3D'http%3A%2F%2Fwww.w3.org%2F2000%2Fsvg' viewBox%3D'0 0 400 400'%2F%3E\" data-src=\"https:\/\/www.serrurier-securite.fr\/depannage\/wp-content\/uploads\/2020\/04\/serrurier_LOGO_VAK.jpg\" width=\"400\" height=\"400\"><\/div><div id=\"ut-image-caption-173\" class=\"ut-vc-images-lightbox-caption\">Serrurerie pose et d\u00e9pannage<\/div><\/div><div  data-count=\"4\" class=\"ut-image-gallery-item ut-animation-done ut-animation-done ut-animation-done ut-animation-done ut-animation-done ut-animation-done ut-animation-done ut-animation-done ut-animation-done ut-animation-done ut-animation-done ut-animation-done grid-20 tablet-grid-33 mobile-grid-100 ut-tablet-last\"><div class=\"ut-image-gallery-image\" ><img loading=\"lazy\" decoding=\"async\"  class=\" ut-lazy skip-lazy\" src=\"data:image\/svg+xml;charset=utf-8,%3Csvg xmlns%3D'http%3A%2F%2Fwww.w3.org%2F2000%2Fsvg' viewBox%3D'0 0 400 400'%2F%3E\" data-src=\"https:\/\/www.serrurier-securite.fr\/depannage\/wp-content\/uploads\/2020\/04\/serrurier_LOGO_SECURYSTAR.jpg\" width=\"400\" height=\"400\"><\/div><div id=\"ut-image-caption-171\" class=\"ut-vc-images-lightbox-caption\">Serrurerie pose et d\u00e9pannage<\/div><\/div><div class=\"clear hide-on-desktop hide-on-tablet\"><\/div><div  data-count=\"4\" class=\"ut-image-gallery-item ut-animation-done ut-animation-done ut-animation-done ut-animation-done ut-animation-done ut-animation-done ut-animation-done ut-animation-done ut-animation-done ut-animation-done ut-animation-done ut-animation-done ut-animation-done grid-20 tablet-grid-33 mobile-grid-100\"><a  href=\"https:\/\/www.mul-t-lock.com\/fr-fr\/site\/mul-t-lock\/\" target=\"_blank\" class=\"\"><div class=\"ut-image-gallery-image\" ><img loading=\"lazy\" decoding=\"async\"  class=\" ut-lazy skip-lazy\" src=\"data:image\/svg+xml;charset=utf-8,%3Csvg xmlns%3D'http%3A%2F%2Fwww.w3.org%2F2000%2Fsvg' viewBox%3D'0 0 400 400'%2F%3E\" data-src=\"https:\/\/www.serrurier-securite.fr\/depannage\/wp-content\/uploads\/2020\/04\/serrurier_LOGO_MULTI_LOCK.jpg\" width=\"400\" height=\"400\"><\/div><div id=\"ut-image-caption-187\" class=\"ut-vc-images-lightbox-caption\">Serrurerie pose et d\u00e9pannage<\/div><\/a><\/div><div  data-count=\"4\" class=\"ut-image-gallery-item ut-animation-done ut-animation-done ut-animation-done ut-animation-done ut-animation-done ut-animation-done ut-animation-done ut-animation-done ut-animation-done ut-animation-done ut-animation-done ut-animation-done ut-animation-done ut-animation-done grid-20 tablet-grid-33 mobile-grid-100\"><div class=\"ut-image-gallery-image\" ><img loading=\"lazy\" decoding=\"async\"  class=\" ut-lazy skip-lazy\" src=\"data:image\/svg+xml;charset=utf-8,%3Csvg xmlns%3D'http%3A%2F%2Fwww.w3.org%2F2000%2Fsvg' viewBox%3D'0 0 400 400'%2F%3E\" data-src=\"https:\/\/www.serrurier-securite.fr\/depannage\/wp-content\/uploads\/2020\/04\/serrurier_LOGO_CITY_CAVERS.jpg\" width=\"400\" height=\"400\"><\/div><div id=\"ut-image-caption-178\" class=\"ut-vc-images-lightbox-caption\">Serrurerie pose et d\u00e9pannage<\/div><\/div><div class=\"ut-image-gallery-sizer\"><\/div><div class=\"clear\"><\/div><\/div><\/div>[\/vc_column_inner][\/vc_row_inner][\/vc_column][\/vc_row]<\/p>\n<\/div>","protected":false},"excerpt":{"rendered":"<p>[vc_row css=\u00a0\u00bb.vc_custom_1586180996169{margin-top: 60px !important;}\u00a0\u00bb][vc_column][vc_row_inner][vc_column_inner][\/vc_column_inner][\/vc_row_inner][\/vc_column][\/vc_row]<\/p>\n","protected":false},"author":1,"featured_media":0,"parent":0,"menu_order":4,"comment_status":"closed","ping_status":"closed","template":"","meta":{"inline_featured_image":false,"footnotes":""},"class_list":["post-166","page","type-page","status-publish","hentry"],"yoast_head":"<!-- This site is optimized with the Yoast SEO plugin v27.4 - https:\/\/yoast.com\/product\/yoast-seo-wordpress\/ -->\n<title>Serrurerie Lauriston - Blindage de portes et pose de serrures<\/title>\n<meta name=\"description\" content=\"Serrurerie Lauriston a choisi de travailler avec ces professionnels de la serrurerie et de la s\u00e9curit\u00e9. Pose et d\u00e9pannage tous types de serrures.\" \/>\n<meta name=\"robots\" content=\"index, follow, max-snippet:-1, max-image-preview:large, max-video-preview:-1\" \/>\n<link rel=\"canonical\" href=\"https:\/\/www.serrurier-securite.fr\/depannage\/partenaires\/\" \/>\n<meta property=\"og:locale\" content=\"fr_FR\" \/>\n<meta property=\"og:type\" content=\"article\" \/>\n<meta property=\"og:title\" content=\"Serrurerie Lauriston - Blindage de portes et pose de serrures\" \/>\n<meta property=\"og:description\" content=\"Serrurerie Lauriston a choisi de travailler avec ces professionnels de la serrurerie et de la s\u00e9curit\u00e9. Pose et d\u00e9pannage tous types de serrures.\" \/>\n<meta property=\"og:url\" content=\"https:\/\/www.serrurier-securite.fr\/depannage\/partenaires\/\" \/>\n<meta property=\"og:site_name\" content=\"Serrurerie Lauriston\" \/>\n<meta property=\"article:modified_time\" content=\"2020-10-16T09:30:36+00:00\" \/>\n<meta name=\"twitter:card\" content=\"summary_large_image\" \/>\n<script type=\"application\/ld+json\" class=\"yoast-schema-graph\">{\"@context\":\"https:\\\/\\\/schema.org\",\"@graph\":[{\"@type\":\"WebPage\",\"@id\":\"https:\\\/\\\/www.serrurier-securite.fr\\\/depannage\\\/partenaires\\\/\",\"url\":\"https:\\\/\\\/www.serrurier-securite.fr\\\/depannage\\\/partenaires\\\/\",\"name\":\"Serrurerie Lauriston - Blindage de portes et pose de serrures\",\"isPartOf\":{\"@id\":\"https:\\\/\\\/www.serrurier-securite.fr\\\/depannage\\\/#website\"},\"datePublished\":\"2020-04-06T13:42:52+00:00\",\"dateModified\":\"2020-10-16T09:30:36+00:00\",\"description\":\"Serrurerie Lauriston a choisi de travailler avec ces professionnels de la serrurerie et de la s\u00e9curit\u00e9. Pose et d\u00e9pannage tous types de serrures.\",\"breadcrumb\":{\"@id\":\"https:\\\/\\\/www.serrurier-securite.fr\\\/depannage\\\/partenaires\\\/#breadcrumb\"},\"inLanguage\":\"fr-FR\",\"potentialAction\":[{\"@type\":\"ReadAction\",\"target\":[\"https:\\\/\\\/www.serrurier-securite.fr\\\/depannage\\\/partenaires\\\/\"]}]},{\"@type\":\"BreadcrumbList\",\"@id\":\"https:\\\/\\\/www.serrurier-securite.fr\\\/depannage\\\/partenaires\\\/#breadcrumb\",\"itemListElement\":[{\"@type\":\"ListItem\",\"position\":1,\"name\":\"Accueil\",\"item\":\"https:\\\/\\\/www.serrurier-securite.fr\\\/depannage\\\/\"},{\"@type\":\"ListItem\",\"position\":2,\"name\":\"Partenaires\"}]},{\"@type\":\"WebSite\",\"@id\":\"https:\\\/\\\/www.serrurier-securite.fr\\\/depannage\\\/#website\",\"url\":\"https:\\\/\\\/www.serrurier-securite.fr\\\/depannage\\\/\",\"name\":\"Serrurerie Lauriston\",\"description\":\"Pose et d\u00e9pannage de serrures et de blindages\",\"publisher\":{\"@id\":\"https:\\\/\\\/www.serrurier-securite.fr\\\/depannage\\\/#organization\"},\"potentialAction\":[{\"@type\":\"SearchAction\",\"target\":{\"@type\":\"EntryPoint\",\"urlTemplate\":\"https:\\\/\\\/www.serrurier-securite.fr\\\/depannage\\\/?s={search_term_string}\"},\"query-input\":{\"@type\":\"PropertyValueSpecification\",\"valueRequired\":true,\"valueName\":\"search_term_string\"}}],\"inLanguage\":\"fr-FR\"},{\"@type\":\"Organization\",\"@id\":\"https:\\\/\\\/www.serrurier-securite.fr\\\/depannage\\\/#organization\",\"name\":\"Serrurerie Lauriston\",\"url\":\"https:\\\/\\\/www.serrurier-securite.fr\\\/depannage\\\/\",\"logo\":{\"@type\":\"ImageObject\",\"inLanguage\":\"fr-FR\",\"@id\":\"https:\\\/\\\/www.serrurier-securite.fr\\\/depannage\\\/#\\\/schema\\\/logo\\\/image\\\/\",\"url\":\"https:\\\/\\\/www.serrurier-securite.fr\\\/depannage\\\/wp-content\\\/uploads\\\/2020\\\/04\\\/LOGO_NOIR_120X120-1.png\",\"contentUrl\":\"https:\\\/\\\/www.serrurier-securite.fr\\\/depannage\\\/wp-content\\\/uploads\\\/2020\\\/04\\\/LOGO_NOIR_120X120-1.png\",\"width\":117,\"height\":48,\"caption\":\"Serrurerie Lauriston\"},\"image\":{\"@id\":\"https:\\\/\\\/www.serrurier-securite.fr\\\/depannage\\\/#\\\/schema\\\/logo\\\/image\\\/\"}}]}<\/script>\n<!-- \/ Yoast SEO plugin. -->","yoast_head_json":{"title":"Serrurerie Lauriston - Blindage de portes et pose de serrures","description":"Serrurerie Lauriston a choisi de travailler avec ces professionnels de la serrurerie et de la s\u00e9curit\u00e9. Pose et d\u00e9pannage tous types de serrures.","robots":{"index":"index","follow":"follow","max-snippet":"max-snippet:-1","max-image-preview":"max-image-preview:large","max-video-preview":"max-video-preview:-1"},"canonical":"https:\/\/www.serrurier-securite.fr\/depannage\/partenaires\/","og_locale":"fr_FR","og_type":"article","og_title":"Serrurerie Lauriston - Blindage de portes et pose de serrures","og_description":"Serrurerie Lauriston a choisi de travailler avec ces professionnels de la serrurerie et de la s\u00e9curit\u00e9. Pose et d\u00e9pannage tous types de serrures.","og_url":"https:\/\/www.serrurier-securite.fr\/depannage\/partenaires\/","og_site_name":"Serrurerie Lauriston","article_modified_time":"2020-10-16T09:30:36+00:00","twitter_card":"summary_large_image","schema":{"@context":"https:\/\/schema.org","@graph":[{"@type":"WebPage","@id":"https:\/\/www.serrurier-securite.fr\/depannage\/partenaires\/","url":"https:\/\/www.serrurier-securite.fr\/depannage\/partenaires\/","name":"Serrurerie Lauriston - Blindage de portes et pose de serrures","isPartOf":{"@id":"https:\/\/www.serrurier-securite.fr\/depannage\/#website"},"datePublished":"2020-04-06T13:42:52+00:00","dateModified":"2020-10-16T09:30:36+00:00","description":"Serrurerie Lauriston a choisi de travailler avec ces professionnels de la serrurerie et de la s\u00e9curit\u00e9. Pose et d\u00e9pannage tous types de serrures.","breadcrumb":{"@id":"https:\/\/www.serrurier-securite.fr\/depannage\/partenaires\/#breadcrumb"},"inLanguage":"fr-FR","potentialAction":[{"@type":"ReadAction","target":["https:\/\/www.serrurier-securite.fr\/depannage\/partenaires\/"]}]},{"@type":"BreadcrumbList","@id":"https:\/\/www.serrurier-securite.fr\/depannage\/partenaires\/#breadcrumb","itemListElement":[{"@type":"ListItem","position":1,"name":"Accueil","item":"https:\/\/www.serrurier-securite.fr\/depannage\/"},{"@type":"ListItem","position":2,"name":"Partenaires"}]},{"@type":"WebSite","@id":"https:\/\/www.serrurier-securite.fr\/depannage\/#website","url":"https:\/\/www.serrurier-securite.fr\/depannage\/","name":"Serrurerie Lauriston","description":"Pose et d\u00e9pannage de serrures et de blindages","publisher":{"@id":"https:\/\/www.serrurier-securite.fr\/depannage\/#organization"},"potentialAction":[{"@type":"SearchAction","target":{"@type":"EntryPoint","urlTemplate":"https:\/\/www.serrurier-securite.fr\/depannage\/?s={search_term_string}"},"query-input":{"@type":"PropertyValueSpecification","valueRequired":true,"valueName":"search_term_string"}}],"inLanguage":"fr-FR"},{"@type":"Organization","@id":"https:\/\/www.serrurier-securite.fr\/depannage\/#organization","name":"Serrurerie Lauriston","url":"https:\/\/www.serrurier-securite.fr\/depannage\/","logo":{"@type":"ImageObject","inLanguage":"fr-FR","@id":"https:\/\/www.serrurier-securite.fr\/depannage\/#\/schema\/logo\/image\/","url":"https:\/\/www.serrurier-securite.fr\/depannage\/wp-content\/uploads\/2020\/04\/LOGO_NOIR_120X120-1.png","contentUrl":"https:\/\/www.serrurier-securite.fr\/depannage\/wp-content\/uploads\/2020\/04\/LOGO_NOIR_120X120-1.png","width":117,"height":48,"caption":"Serrurerie Lauriston"},"image":{"@id":"https:\/\/www.serrurier-securite.fr\/depannage\/#\/schema\/logo\/image\/"}}]}},"_links":{"self":[{"href":"https:\/\/www.serrurier-securite.fr\/depannage\/wp-json\/wp\/v2\/pages\/166","targetHints":{"allow":["GET"]}}],"collection":[{"href":"https:\/\/www.serrurier-securite.fr\/depannage\/wp-json\/wp\/v2\/pages"}],"about":[{"href":"https:\/\/www.serrurier-securite.fr\/depannage\/wp-json\/wp\/v2\/types\/page"}],"author":[{"embeddable":true,"href":"https:\/\/www.serrurier-securite.fr\/depannage\/wp-json\/wp\/v2\/users\/1"}],"replies":[{"embeddable":true,"href":"https:\/\/www.serrurier-securite.fr\/depannage\/wp-json\/wp\/v2\/comments?post=166"}],"version-history":[{"count":12,"href":"https:\/\/www.serrurier-securite.fr\/depannage\/wp-json\/wp\/v2\/pages\/166\/revisions"}],"predecessor-version":[{"id":535,"href":"https:\/\/www.serrurier-securite.fr\/depannage\/wp-json\/wp\/v2\/pages\/166\/revisions\/535"}],"wp:attachment":[{"href":"https:\/\/www.serrurier-securite.fr\/depannage\/wp-json\/wp\/v2\/media?parent=166"}],"curies":[{"name":"wp","href":"https:\/\/api.w.org\/{rel}","templated":true}]}}